{"id":220,"date":"2018-02-14T15:23:42","date_gmt":"2018-02-14T14:23:42","guid":{"rendered":"http:\/\/www.concrete.bz.it\/?page_id=220"},"modified":"2021-01-25T09:56:57","modified_gmt":"2021-01-25T08:56:57","slug":"inprint","status":"publish","type":"page","link":"https:\/\/www.concrete.bz.it\/it\/inprint\/","title":{"rendered":"Inprint"},"content":{"rendered":"<h3>Committente &amp; proprietario<\/h3>\n<p>Associazione Calcestruzzo Alto Adige<br \/>\nPiazza Verdi 43,<br \/>\nI-39100 Bolzano (BZ)<br \/>\n<a href=\"mailto:in&#102;&#111;&#64;c&#111;&#110;cr&#101;&#116;&#101;.&#98;z&#46;it\">i&#110;&#102;&#111;&#64;co&#110;&#99;&#114;e&#116;&#101;.b&#122;.&#105;t<\/a><br \/>\nCodice fiscale: 94134300212<br \/>\nP-IVA: 03105610210<\/p>\n<h3>Design, programmazione &amp; CMS<\/h3>\n<p>ps-design<br \/>\nd. Pircher Stefan<br \/>\nVia Monte Luco 24<br \/>\nI-39011 Lana (BZ)<br \/>\nM +39 333 3914367<br \/>\n<a href=\"mailto:&#105;nfo&#64;&#112;&#115;-d&#101;si&#103;n.&#105;t\">i&#110;f&#111;&#64;&#112;s&#45;&#100;esign.&#105;&#116;<\/a><\/p>\n<h3>Sorgente foto &amp; immagini<\/h3>\n<p>Associazione Calcestruzzo Alto Adige<\/p>\n<h3>Indicazioni &amp; avviso di responsabilit\u00e0<\/h3>\n<p>Tutte le dichiarazioni e i contenuti di questo sito sono stati controllati con cura. Ci\u00f2 nonostante non viene assunta alcuna responsabilit\u00e1 per la garanzia, la correttezza, la completezza e l\u2019aggiornamento dei dati. L&#8217;Associazione Calcestruzzo Alto Adige non \u00e9 responsabile per i contenuti del sito che si riferiscono ai collegamenti ipertestuali. Questo vale anche per per gli altri siti internet. Ci riserviamo il diritto, di modificare, aggiornare o aggiungere informazioni ai dati e alle informazioni messi a disposizione.<\/p>\n<h3>Copyright<\/h3>\n<p>Concetto, struttura e contenuti di questo sito internet sono protetti dai diritti d\u2019autore. La riproduzione di informazioni o dati, in particolare l\u2019utilizzo di testi, parte di testi o materiale fotografico richiede il consenso preventivo da parte dell&#8217;Associazione Calcestruzzo Alto Adige.<\/p>\n<h3>CMS-System<\/h3>\n<p>powered by <a href=\"\/\/it.wordpress.org\" target=\"_blank\" rel=\"noopener\">WordPress<\/a><\/p>\n<h3 id=\"datenschutz\">Google Analytics<\/h3>\n<p>Questo sito web utilizza Google Analytics, un servizio di analisi web fornito da Google, Inc. (\u201cGoogle\u201d). Google Analytics utilizza dei \u201ccookies\u201d, che sono file di testo che vengono depositati sul Vostro computer per consentire al sito web di analizzare come gli utenti utilizzano il sito. Le informazioni generate dal cookie sull\u2019utilizzo del sito web da parte Vostra (compreso il Vostro indirizzo IP) verranno trasmesse a, e depositate presso i server di Google negli Stati Uniti. Google utilizzer\u00e0 queste informazioni allo scopo di tracciare e esaminare il Vostro utilizzo del sito web, compilare report sulle attivit\u00e0 del sito web per gli operatori del sito web e fornire altri servizi relativi alle attivit\u00e0 del sito web e all\u2019utilizzo di Internet.<br \/>\nGoogle pu\u00f2 anche trasferire queste informazioni a terzi ove ci\u00f2 sia imposto dalla legge o laddove tali terzi trattino le suddette informazioni per conto di Google. Google non assocer\u00e0 il vostro indirizzo IP a nessun altro dato posseduto da Google. Potete rifiutarvi di usare i cookies selezionando l\u2019impostazione appropriata sul vostro browser, ma ci\u00f2 potrebbe impedirvi di utilizzare tutte le funzionalit\u00e0 di questo sito web.<br \/>\nUtilizzando il presente sito web, voi acconsentite al trattamento dei Vostri dati da parte di Google per le modalit\u00e0 e i fini sopraindicati.<\/p>\n<h3>Privacy<\/h3>\n<p>Ai sensi dell\u2019art. 13 del decreto legislativo n\u00b0 196 del 30 giugno 2003 e seguenti modifiche e completamenti informiamo, che tutti i dati che ci vengono inviati tramite il nosto sito internet rispettivamente tramite fax, e-mail o posta verranno raccolti e salvati. La nostra societ\u00e0 garantisce un trattamento dei dati personali ai sensi delle disposizioni di legge che rispetta i diritti fondamentali, la libert\u00e0 e la dignit\u00e0 della persona interessata con particolare riferimento alla segretezza, alla identit\u00e0 personale e il diritto di tutela dei dati personali. I dati personali elaborati dalla nostra societ\u00e0 non vengono divulgati.<\/p>\n<p><strong>Il titolare del trattamento dei dati personali \u00e8:<\/strong><br \/>\nAssociazione Calcestruzzo Alto Adige <a href=\"mailto:i&#110;&#102;o&#64;&#99;o&#110;c&#114;&#101;&#116;&#101;.&#98;z&#46;it\">&#105;&#110;f&#111;&#64;c&#111;&#110;&#99;&#114;et&#101;.&#98;&#122;.it<\/a><\/p>\n","protected":false},"excerpt":{"rendered":"<p>Committente &amp; proprietario Associazione Calcestruzzo Alto Adige Piazza Verdi 43, I-39100 Bolzano (BZ) Codice [&hellip;]<\/p>\n","protected":false},"author":1,"featured_media":0,"parent":0,"menu_order":27,"comment_status":"closed","ping_status":"closed","template":"","meta":{"footnotes":""},"_links":{"self":[{"href":"https:\/\/www.concrete.bz.it\/it\/wp-json\/wp\/v2\/pages\/220"}],"collection":[{"href":"https:\/\/www.concrete.bz.it\/it\/wp-json\/wp\/v2\/pages"}],"about":[{"href":"https:\/\/www.concrete.bz.it\/it\/wp-json\/wp\/v2\/types\/page"}],"author":[{"embeddable":true,"href":"https:\/\/www.concrete.bz.it\/it\/wp-json\/wp\/v2\/users\/1"}],"replies":[{"embeddable":true,"href":"https:\/\/www.concrete.bz.it\/it\/wp-json\/wp\/v2\/comments?post=220"}],"version-history":[{"count":0,"href":"https:\/\/www.concrete.bz.it\/it\/wp-json\/wp\/v2\/pages\/220\/revisions"}],"wp:attachment":[{"href":"https:\/\/www.concrete.bz.it\/it\/wp-json\/wp\/v2\/media?parent=220"}],"curies":[{"name":"wp","href":"https:\/\/api.w.org\/{rel}","templated":true}]}}